{"id":3800,"date":"2015-06-01T14:23:57","date_gmt":"2015-06-01T12:23:57","guid":{"rendered":"https:\/\/go-green.si\/?page_id=3800"},"modified":"2024-04-10T15:01:34","modified_gmt":"2024-04-10T13:01:34","slug":"blaz-ahcan","status":"publish","type":"page","link":"https:\/\/go-green.si\/en\/gogreen-ljubljana\/blaz-ahcan\/","title":{"rendered":"Bla\u017e Ah\u010dan"},"content":{"rendered":"<div class=\"be-section       clearfix\" data-headerscheme=\"background--dark\" style=\"\"  ><div class=\"be-section-pad clearfix\" style=\"padding-top:90px;padding-bottom:90px;\"><div class=\"be-row be-wrap clearfix\"><div class=\"one-half column-block    \" data-animation=\"\" style=\"  \"><div class=\"be-custom-column-inner\"><p style=\"text-align: left;\"><a href=\"mailto:blaz.ahcan@go-green.si\"><span style=\"font-size: 14pt;\"><strong>Bla\u017e Ah\u010dan<\/strong>, Owner and Procurator<\/span>&#8211; <img loading=\"lazy\" decoding=\"async\" class=\"alignnone size-full wp-image-3787\" src=\"https:\/\/go-green.si\/wp-content\/uploads\/2015\/03\/pismo.gif\" alt=\"pismo\" width=\"27\" height=\"21\"><\/a><\/p>\n<p>As the Company\u2019s Owner and Procurator, Bla\u017e is entirely dedicated to his responsibility of connecting and coordinating all of the team members, projects and, above all, challenges of providing the Company\u2019s clients with exceptional services time and time again. He is the \u2018motor\u2019 of Go Green, whose personal traits and endeavors combine in practice with the Company\u2019s business philosophy and its objectives.<\/p>\n<p>Professionalism, a pursuit of perfection that wholeheartedly embraces the challenge to constantly improve all services and meet the requirements of sustainable tourism, attention to the tiniest of details in the provision of services to the clients, and a boundless dedication to everything he does are all features that are embedded in his genes, and at the same time the most instantly recognisable characteristics of Go Green. He firmly believes that a company that selects only the very best of staff always has the tools to leave the competition far behind. The dedication and commitment of all team members are reinforced when they are motivated accordingly as they strive towards excellence in everything they do.<\/p>\n<p>Boasting over twenty years of experience in performing every imaginable task at the various stages of providing services in the field of corporate tourism (M.I.C.E., DMC, chauffeured transport services, corporate services for top-ranking or VIP clientele, organising protocol and other official events, etc.), one would be hard-pressed to find anyone more competent to make the vision of the Company come to life each and every day.<\/p>\n<p>Not only is does he find happiness in dedicating himself to the challenges of the most demanding of projects, but he also delights in the trials presented by the relativity of time \u2013 with a couple of determined and chipper young daughters, his \u2018exercise\u2019 is both regular and rather intense.<\/p>\n<\/div><\/div><div class=\"one-half column-block    \" data-animation=\"\" style=\"  \"><div class=\"be-custom-column-inner\"><p>&nbsp;<\/p>\n<p><img loading=\"lazy\" decoding=\"async\" width=\"400\" height=\"600\" class=\"alignnone wp-image-4998 size-medium\" alt=\"\" src=\"https:\/\/go-green.si\/wp-content\/uploads\/2020\/02\/01NLPstudioHIGH-pokon\u010dnagogreen-400x600.jpg\" srcset=\"https:\/\/go-green.si\/wp-content\/uploads\/2020\/02\/01NLPstudioHIGH-pokon\u010dnagogreen-400x600.jpg 400w, https:\/\/go-green.si\/wp-content\/uploads\/2020\/02\/01NLPstudioHIGH-pokon\u010dnagogreen-600x900.jpg 600w, https:\/\/go-green.si\/wp-content\/uploads\/2020\/02\/01NLPstudioHIGH-pokon\u010dnagogreen-768x1152.jpg 768w, https:\/\/go-green.si\/wp-content\/uploads\/2020\/02\/01NLPstudioHIGH-pokon\u010dnagogreen-733x1100.jpg 733w, https:\/\/go-green.si\/wp-content\/uploads\/2020\/02\/01NLPstudioHIGH-pokon\u010dnagogreen-33x50.jpg 33w, https:\/\/go-green.si\/wp-content\/uploads\/2020\/02\/01NLPstudioHIGH-pokon\u010dnagogreen-650x975.jpg 650w, https:\/\/go-green.si\/wp-content\/uploads\/2020\/02\/01NLPstudioHIGH-pokon\u010dnagogreen-1000x1500.jpg 1000w, https:\/\/go-green.si\/wp-content\/uploads\/2020\/02\/01NLPstudioHIGH-pokon\u010dnagogreen.jpg 1154w\" sizes=\"(max-width: 400px) 100vw, 400px\" \/><\/p>\n<\/div><\/div><\/div><\/div><\/div>","protected":false},"excerpt":{"rendered":"<p>Bla\u017e Ah\u010dan, Owner and Procurator&#8211; As the Company\u2019s Owner and Procurator, Bla\u017e is entirely dedicated to his responsibility of connecting and coordinating all of the team members, projects and, above [&hellip;]<\/p>\n<p><a href=\"https:\/\/go-green.si\/en\/gogreen-ljubljana\/blaz-ahcan\/\" class=\"more-link style1-button\">Read More<\/a><\/p>","protected":false},"author":1,"featured_media":0,"parent":3657,"menu_order":0,"comment_status":"closed","ping_status":"open","template":"","meta":{"footnotes":""},"yoast_head":"<!-- This site is optimized with the Yoast SEO plugin v22.0 - https:\/\/yoast.com\/wordpress\/plugins\/seo\/ -->\n<title>Bla\u017e Ah\u010dan - Go green<\/title>\n<meta name=\"robots\" content=\"index, follow, max-snippet:-1, max-image-preview:large, max-video-preview:-1\" \/>\n<link rel=\"canonical\" href=\"https:\/\/go-green.si\/en\/gogreen-ljubljana\/blaz-ahcan\/\" \/>\n<meta property=\"og:locale\" content=\"en_US\" \/>\n<meta property=\"og:type\" content=\"article\" \/>\n<meta property=\"og:title\" content=\"Bla\u017e Ah\u010dan - Go green\" \/>\n<meta property=\"og:description\" content=\"Bla\u017e Ah\u010dan, Owner and Procurator&#8211; As the Company\u2019s Owner and Procurator, Bla\u017e is entirely dedicated to his responsibility of connecting and coordinating all of the team members, projects and, above [&hellip;]\" \/>\n<meta property=\"og:url\" content=\"https:\/\/go-green.si\/en\/gogreen-ljubljana\/blaz-ahcan\/\" \/>\n<meta property=\"og:site_name\" content=\"Go green\" \/>\n<meta property=\"article:modified_time\" content=\"2024-04-10T13:01:34+00:00\" \/>\n<script type=\"application\/ld+json\" class=\"yoast-schema-graph\">{\"@context\":\"https:\/\/schema.org\",\"@graph\":[{\"@type\":\"WebPage\",\"@id\":\"https:\/\/go-green.si\/en\/gogreen-ljubljana\/blaz-ahcan\/\",\"url\":\"https:\/\/go-green.si\/en\/gogreen-ljubljana\/blaz-ahcan\/\",\"name\":\"Bla\u017e Ah\u010dan - Go green\",\"isPartOf\":{\"@id\":\"https:\/\/go-green.si\/en\/#website\"},\"datePublished\":\"2015-06-01T12:23:57+00:00\",\"dateModified\":\"2024-04-10T13:01:34+00:00\",\"breadcrumb\":{\"@id\":\"https:\/\/go-green.si\/en\/gogreen-ljubljana\/blaz-ahcan\/#breadcrumb\"},\"inLanguage\":\"en-US\",\"potentialAction\":[{\"@type\":\"ReadAction\",\"target\":[\"https:\/\/go-green.si\/en\/gogreen-ljubljana\/blaz-ahcan\/\"]}]},{\"@type\":\"BreadcrumbList\",\"@id\":\"https:\/\/go-green.si\/en\/gogreen-ljubljana\/blaz-ahcan\/#breadcrumb\",\"itemListElement\":[{\"@type\":\"ListItem\",\"position\":1,\"name\":\"Home\",\"item\":\"https:\/\/go-green.si\/en\/\"},{\"@type\":\"ListItem\",\"position\":2,\"name\":\"GO GREEN COMPANY, Ljubljana\",\"item\":\"https:\/\/go-green.si\/en\/gogreen-ljubljana\/\"},{\"@type\":\"ListItem\",\"position\":3,\"name\":\"Bla\u017e Ah\u010dan\"}]},{\"@type\":\"WebSite\",\"@id\":\"https:\/\/go-green.si\/en\/#website\",\"url\":\"https:\/\/go-green.si\/en\/\",\"name\":\"go-green.si\",\"description\":\"Poslovni prevozi in marketing\",\"publisher\":{\"@id\":\"https:\/\/go-green.si\/en\/#organization\"},\"potentialAction\":[{\"@type\":\"SearchAction\",\"target\":{\"@type\":\"EntryPoint\",\"urlTemplate\":\"https:\/\/go-green.si\/en\/?s={search_term_string}\"},\"query-input\":\"required name=search_term_string\"}],\"inLanguage\":\"en-US\"},{\"@type\":\"Organization\",\"@id\":\"https:\/\/go-green.si\/en\/#organization\",\"name\":\"Go Green\",\"url\":\"https:\/\/go-green.si\/en\/\",\"logo\":{\"@type\":\"ImageObject\",\"inLanguage\":\"en-US\",\"@id\":\"https:\/\/go-green.si\/en\/#\/schema\/logo\/image\/\",\"url\":\"https:\/\/go-green.si\/wp-content\/uploads\/2020\/08\/logo_vertical_colour_dark.png\",\"contentUrl\":\"https:\/\/go-green.si\/wp-content\/uploads\/2020\/08\/logo_vertical_colour_dark.png\",\"width\":552,\"height\":584,\"caption\":\"Go Green\"},\"image\":{\"@id\":\"https:\/\/go-green.si\/en\/#\/schema\/logo\/image\/\"},\"sameAs\":[\"https:\/\/www.instagram.com\/gogreen.si\/\",\"https:\/\/www.linkedin.com\/company\/gogreensi\/\"]}]}<\/script>\n<!-- \/ Yoast SEO plugin. -->","yoast_head_json":{"title":"Bla\u017e Ah\u010dan - Go green","robots":{"index":"index","follow":"follow","max-snippet":"max-snippet:-1","max-image-preview":"max-image-preview:large","max-video-preview":"max-video-preview:-1"},"canonical":"https:\/\/go-green.si\/en\/gogreen-ljubljana\/blaz-ahcan\/","og_locale":"en_US","og_type":"article","og_title":"Bla\u017e Ah\u010dan - Go green","og_description":"Bla\u017e Ah\u010dan, Owner and Procurator&#8211; As the Company\u2019s Owner and Procurator, Bla\u017e is entirely dedicated to his responsibility of connecting and coordinating all of the team members, projects and, above [&hellip;]","og_url":"https:\/\/go-green.si\/en\/gogreen-ljubljana\/blaz-ahcan\/","og_site_name":"Go green","article_modified_time":"2024-04-10T13:01:34+00:00","schema":{"@context":"https:\/\/schema.org","@graph":[{"@type":"WebPage","@id":"https:\/\/go-green.si\/en\/gogreen-ljubljana\/blaz-ahcan\/","url":"https:\/\/go-green.si\/en\/gogreen-ljubljana\/blaz-ahcan\/","name":"Bla\u017e Ah\u010dan - Go green","isPartOf":{"@id":"https:\/\/go-green.si\/en\/#website"},"datePublished":"2015-06-01T12:23:57+00:00","dateModified":"2024-04-10T13:01:34+00:00","breadcrumb":{"@id":"https:\/\/go-green.si\/en\/gogreen-ljubljana\/blaz-ahcan\/#breadcrumb"},"inLanguage":"en-US","potentialAction":[{"@type":"ReadAction","target":["https:\/\/go-green.si\/en\/gogreen-ljubljana\/blaz-ahcan\/"]}]},{"@type":"BreadcrumbList","@id":"https:\/\/go-green.si\/en\/gogreen-ljubljana\/blaz-ahcan\/#breadcrumb","itemListElement":[{"@type":"ListItem","position":1,"name":"Home","item":"https:\/\/go-green.si\/en\/"},{"@type":"ListItem","position":2,"name":"GO GREEN COMPANY, Ljubljana","item":"https:\/\/go-green.si\/en\/gogreen-ljubljana\/"},{"@type":"ListItem","position":3,"name":"Bla\u017e Ah\u010dan"}]},{"@type":"WebSite","@id":"https:\/\/go-green.si\/en\/#website","url":"https:\/\/go-green.si\/en\/","name":"go-green.si","description":"Poslovni prevozi in marketing","publisher":{"@id":"https:\/\/go-green.si\/en\/#organization"},"potentialAction":[{"@type":"SearchAction","target":{"@type":"EntryPoint","urlTemplate":"https:\/\/go-green.si\/en\/?s={search_term_string}"},"query-input":"required name=search_term_string"}],"inLanguage":"en-US"},{"@type":"Organization","@id":"https:\/\/go-green.si\/en\/#organization","name":"Go Green","url":"https:\/\/go-green.si\/en\/","logo":{"@type":"ImageObject","inLanguage":"en-US","@id":"https:\/\/go-green.si\/en\/#\/schema\/logo\/image\/","url":"https:\/\/go-green.si\/wp-content\/uploads\/2020\/08\/logo_vertical_colour_dark.png","contentUrl":"https:\/\/go-green.si\/wp-content\/uploads\/2020\/08\/logo_vertical_colour_dark.png","width":552,"height":584,"caption":"Go Green"},"image":{"@id":"https:\/\/go-green.si\/en\/#\/schema\/logo\/image\/"},"sameAs":["https:\/\/www.instagram.com\/gogreen.si\/","https:\/\/www.linkedin.com\/company\/gogreensi\/"]}]}},"_links":{"self":[{"href":"https:\/\/go-green.si\/en\/wp-json\/wp\/v2\/pages\/3800"}],"collection":[{"href":"https:\/\/go-green.si\/en\/wp-json\/wp\/v2\/pages"}],"about":[{"href":"https:\/\/go-green.si\/en\/wp-json\/wp\/v2\/types\/page"}],"author":[{"embeddable":true,"href":"https:\/\/go-green.si\/en\/wp-json\/wp\/v2\/users\/1"}],"replies":[{"embeddable":true,"href":"https:\/\/go-green.si\/en\/wp-json\/wp\/v2\/comments?post=3800"}],"version-history":[{"count":1,"href":"https:\/\/go-green.si\/en\/wp-json\/wp\/v2\/pages\/3800\/revisions"}],"predecessor-version":[{"id":4602,"href":"https:\/\/go-green.si\/en\/wp-json\/wp\/v2\/pages\/3800\/revisions\/4602"}],"up":[{"embeddable":true,"href":"https:\/\/go-green.si\/en\/wp-json\/wp\/v2\/pages\/3657"}],"wp:attachment":[{"href":"https:\/\/go-green.si\/en\/wp-json\/wp\/v2\/media?parent=3800"}],"curies":[{"name":"wp","href":"https:\/\/api.w.org\/{rel}","templated":true}]}}