{"id":8274,"date":"2024-02-13T22:46:47","date_gmt":"2024-02-13T21:46:47","guid":{"rendered":"https:\/\/go-green.si\/?post_type=product&#038;p=8274"},"modified":"2024-02-14T20:42:25","modified_gmt":"2024-02-14T19:42:25","slug":"trst-ljubljana","status":"publish","type":"product","link":"https:\/\/go-green.si\/en\/prevoz\/trst-ljubljana\/","title":{"rendered":"Trst &#8211; Ljubljana"},"content":{"rendered":"<p><em><strong>Celovita storitev sre\u010danja in pozdrava za potnike <\/strong><\/em><\/p>\n<p>Letali\u0161ke prevoze zagotavljajo izku\u0161eni, usposobljeni in lepo oble\u010deni vozniki GoGreena, ki so dobro pripravljeni na potovanje. Prepoznate jih lahko po temnih oblekah in svetlo zelenih kravatah. Letali\u0161ki prevozi Go Green so celovita storitev MEET &amp; GREET! To vklju\u010duje pravo\u010dasen prihod voznika na letali\u0161\u010de, ki vas \u010daka z znakom z va\u0161im imenom. Vklju\u010duje tudi voznikovo spremljanje letov, voznih redov in morebitnih zamud. \u010ce jih bo, vas bo voznik po\u010dakal na letali\u0161\u010du. Voznik spremlja potnika do avtomobila in pomaga pri prtljagi.<\/p>\n<p>Dostopna je telefonska \u0161tevilka 24\/7 <a href=\"tel:+0038651303404\">+0038651 303 404<\/a>.<\/p>\n<p>&nbsp;<\/p>\n<p><a href=\"https:\/\/ecsite.wildapricot.org\/Conference\" target=\"_blank\" rel=\"noopener\"><img loading=\"lazy\" decoding=\"async\" class=\"alignnone wp-image-8145\" style=\"width: 279px; height: 132px;\" src=\"https:\/\/go-green.si\/wp-content\/uploads\/2024\/02\/Ecsite24_Logo-small.jpg\" alt=\"\" width=\"279\" height=\"132\" \/><\/a><\/p>\n","protected":false},"excerpt":{"rendered":"<p>GoGreen ponuja zanesljive, udobne in ugodne storitve \u0161oferja v Sloveniji in jadranski regiji. Na\u0161i vozniki so profesionalni in izku\u0161eni, na\u0161a vozila pa so nova in \u010dista, vklju\u010dno z blagovnimi znamkami, kot so BMW, Mercedes-Benz in Audi.<\/p>\n<p><strong>Prosimo izberite mo\u017enosti spodaj.<br \/>\n<\/strong><span style=\"font-size: 10pt;\">* V primeru odpovedi do 1 tedna pred prevozom povrnemo celoten znesek.<\/span><strong><br \/>\n<\/strong><\/p>\n<p><a href=\"https:\/\/go-green.si\/en\/prevoz\/trst-ljubljana\/\" class=\"more-link style1-button\">Read More<\/a><\/p>","protected":false},"featured_media":7882,"comment_status":"closed","ping_status":"closed","template":"","meta":[],"product_cat":[84,129],"product_tag":[],"yoast_head":"<!-- This site is optimized with the Yoast SEO plugin v22.0 - https:\/\/yoast.com\/wordpress\/plugins\/seo\/ -->\n<title>Trst - Ljubljana - Go green<\/title>\n<meta name=\"robots\" content=\"index, follow, max-snippet:-1, max-image-preview:large, max-video-preview:-1\" \/>\n<link rel=\"canonical\" href=\"https:\/\/go-green.si\/en\/prevoz\/trst-ljubljana\/\" \/>\n<meta property=\"og:locale\" content=\"en_US\" \/>\n<meta property=\"og:type\" content=\"article\" \/>\n<meta property=\"og:title\" content=\"Trst - Ljubljana - Go green\" \/>\n<meta property=\"og:description\" content=\"GoGreen ponuja zanesljive, udobne in ugodne storitve \u0161oferja v Sloveniji in jadranski regiji. Na\u0161i vozniki so profesionalni in izku\u0161eni, na\u0161a vozila pa so nova in \u010dista, vklju\u010dno z blagovnimi znamkami, kot so BMW, Mercedes-Benz in Audi.  Prosimo izberite mo\u017enosti spodaj. * V primeru odpovedi do 1 tedna pred prevozom povrnemo celoten znesek.\" \/>\n<meta property=\"og:url\" content=\"https:\/\/go-green.si\/en\/prevoz\/trst-ljubljana\/\" \/>\n<meta property=\"og:site_name\" content=\"Go green\" \/>\n<meta property=\"article:modified_time\" content=\"2024-02-14T19:42:25+00:00\" \/>\n<meta property=\"og:image\" content=\"https:\/\/go-green.si\/wp-content\/uploads\/2024\/02\/prevozi-na-letalisca-Mercedes-Benz-razreda-E-GoGreen.jpg\" \/>\n\t<meta property=\"og:image:width\" content=\"2500\" \/>\n\t<meta property=\"og:image:height\" content=\"1667\" \/>\n\t<meta property=\"og:image:type\" content=\"image\/jpeg\" \/>\n<meta name=\"twitter:label1\" content=\"Est. reading time\" \/>\n\t<meta name=\"twitter:data1\" content=\"1 minute\" \/>\n<script type=\"application\/ld+json\" class=\"yoast-schema-graph\">{\"@context\":\"https:\/\/schema.org\",\"@graph\":[{\"@type\":\"WebPage\",\"@id\":\"https:\/\/go-green.si\/en\/prevoz\/trst-ljubljana\/\",\"url\":\"https:\/\/go-green.si\/en\/prevoz\/trst-ljubljana\/\",\"name\":\"Trst - Ljubljana - Go green\",\"isPartOf\":{\"@id\":\"https:\/\/go-green.si\/en\/#website\"},\"datePublished\":\"2024-02-13T21:46:47+00:00\",\"dateModified\":\"2024-02-14T19:42:25+00:00\",\"breadcrumb\":{\"@id\":\"https:\/\/go-green.si\/en\/prevoz\/trst-ljubljana\/#breadcrumb\"},\"inLanguage\":\"en-US\",\"potentialAction\":[{\"@type\":\"ReadAction\",\"target\":[\"https:\/\/go-green.si\/en\/prevoz\/trst-ljubljana\/\"]}]},{\"@type\":\"BreadcrumbList\",\"@id\":\"https:\/\/go-green.si\/en\/prevoz\/trst-ljubljana\/#breadcrumb\",\"itemListElement\":[{\"@type\":\"ListItem\",\"position\":1,\"name\":\"Home\",\"item\":\"https:\/\/go-green.si\/en\/\"},{\"@type\":\"ListItem\",\"position\":2,\"name\":\"Shop\",\"item\":\"https:\/\/go-green.si\/en\/shop\/\"},{\"@type\":\"ListItem\",\"position\":3,\"name\":\"Trst &#8211; Ljubljana\"}]},{\"@type\":\"WebSite\",\"@id\":\"https:\/\/go-green.si\/en\/#website\",\"url\":\"https:\/\/go-green.si\/en\/\",\"name\":\"go-green.si\",\"description\":\"Poslovni prevozi in marketing\",\"publisher\":{\"@id\":\"https:\/\/go-green.si\/en\/#organization\"},\"potentialAction\":[{\"@type\":\"SearchAction\",\"target\":{\"@type\":\"EntryPoint\",\"urlTemplate\":\"https:\/\/go-green.si\/en\/?s={search_term_string}\"},\"query-input\":\"required name=search_term_string\"}],\"inLanguage\":\"en-US\"},{\"@type\":\"Organization\",\"@id\":\"https:\/\/go-green.si\/en\/#organization\",\"name\":\"Go Green\",\"url\":\"https:\/\/go-green.si\/en\/\",\"logo\":{\"@type\":\"ImageObject\",\"inLanguage\":\"en-US\",\"@id\":\"https:\/\/go-green.si\/en\/#\/schema\/logo\/image\/\",\"url\":\"https:\/\/go-green.si\/wp-content\/uploads\/2020\/08\/logo_vertical_colour_dark.png\",\"contentUrl\":\"https:\/\/go-green.si\/wp-content\/uploads\/2020\/08\/logo_vertical_colour_dark.png\",\"width\":552,\"height\":584,\"caption\":\"Go Green\"},\"image\":{\"@id\":\"https:\/\/go-green.si\/en\/#\/schema\/logo\/image\/\"},\"sameAs\":[\"https:\/\/www.instagram.com\/gogreen.si\/\",\"https:\/\/www.linkedin.com\/company\/gogreensi\/\"]}]}<\/script>\n<!-- \/ Yoast SEO plugin. -->","yoast_head_json":{"title":"Trst - Ljubljana - Go green","robots":{"index":"index","follow":"follow","max-snippet":"max-snippet:-1","max-image-preview":"max-image-preview:large","max-video-preview":"max-video-preview:-1"},"canonical":"https:\/\/go-green.si\/en\/prevoz\/trst-ljubljana\/","og_locale":"en_US","og_type":"article","og_title":"Trst - Ljubljana - Go green","og_description":"GoGreen ponuja zanesljive, udobne in ugodne storitve \u0161oferja v Sloveniji in jadranski regiji. Na\u0161i vozniki so profesionalni in izku\u0161eni, na\u0161a vozila pa so nova in \u010dista, vklju\u010dno z blagovnimi znamkami, kot so BMW, Mercedes-Benz in Audi.  Prosimo izberite mo\u017enosti spodaj. * V primeru odpovedi do 1 tedna pred prevozom povrnemo celoten znesek.","og_url":"https:\/\/go-green.si\/en\/prevoz\/trst-ljubljana\/","og_site_name":"Go green","article_modified_time":"2024-02-14T19:42:25+00:00","og_image":[{"width":2500,"height":1667,"url":"https:\/\/go-green.si\/wp-content\/uploads\/2024\/02\/prevozi-na-letalisca-Mercedes-Benz-razreda-E-GoGreen.jpg","type":"image\/jpeg"}],"twitter_misc":{"Est. reading time":"1 minute"},"schema":{"@context":"https:\/\/schema.org","@graph":[{"@type":"WebPage","@id":"https:\/\/go-green.si\/en\/prevoz\/trst-ljubljana\/","url":"https:\/\/go-green.si\/en\/prevoz\/trst-ljubljana\/","name":"Trst - Ljubljana - Go green","isPartOf":{"@id":"https:\/\/go-green.si\/en\/#website"},"datePublished":"2024-02-13T21:46:47+00:00","dateModified":"2024-02-14T19:42:25+00:00","breadcrumb":{"@id":"https:\/\/go-green.si\/en\/prevoz\/trst-ljubljana\/#breadcrumb"},"inLanguage":"en-US","potentialAction":[{"@type":"ReadAction","target":["https:\/\/go-green.si\/en\/prevoz\/trst-ljubljana\/"]}]},{"@type":"BreadcrumbList","@id":"https:\/\/go-green.si\/en\/prevoz\/trst-ljubljana\/#breadcrumb","itemListElement":[{"@type":"ListItem","position":1,"name":"Home","item":"https:\/\/go-green.si\/en\/"},{"@type":"ListItem","position":2,"name":"Shop","item":"https:\/\/go-green.si\/en\/shop\/"},{"@type":"ListItem","position":3,"name":"Trst &#8211; Ljubljana"}]},{"@type":"WebSite","@id":"https:\/\/go-green.si\/en\/#website","url":"https:\/\/go-green.si\/en\/","name":"go-green.si","description":"Poslovni prevozi in marketing","publisher":{"@id":"https:\/\/go-green.si\/en\/#organization"},"potentialAction":[{"@type":"SearchAction","target":{"@type":"EntryPoint","urlTemplate":"https:\/\/go-green.si\/en\/?s={search_term_string}"},"query-input":"required name=search_term_string"}],"inLanguage":"en-US"},{"@type":"Organization","@id":"https:\/\/go-green.si\/en\/#organization","name":"Go Green","url":"https:\/\/go-green.si\/en\/","logo":{"@type":"ImageObject","inLanguage":"en-US","@id":"https:\/\/go-green.si\/en\/#\/schema\/logo\/image\/","url":"https:\/\/go-green.si\/wp-content\/uploads\/2020\/08\/logo_vertical_colour_dark.png","contentUrl":"https:\/\/go-green.si\/wp-content\/uploads\/2020\/08\/logo_vertical_colour_dark.png","width":552,"height":584,"caption":"Go Green"},"image":{"@id":"https:\/\/go-green.si\/en\/#\/schema\/logo\/image\/"},"sameAs":["https:\/\/www.instagram.com\/gogreen.si\/","https:\/\/www.linkedin.com\/company\/gogreensi\/"]}]}},"_links":{"self":[{"href":"https:\/\/go-green.si\/en\/wp-json\/wp\/v2\/product\/8274"}],"collection":[{"href":"https:\/\/go-green.si\/en\/wp-json\/wp\/v2\/product"}],"about":[{"href":"https:\/\/go-green.si\/en\/wp-json\/wp\/v2\/types\/product"}],"replies":[{"embeddable":true,"href":"https:\/\/go-green.si\/en\/wp-json\/wp\/v2\/comments?post=8274"}],"wp:featuredmedia":[{"embeddable":true,"href":"https:\/\/go-green.si\/en\/wp-json\/wp\/v2\/media\/7882"}],"wp:attachment":[{"href":"https:\/\/go-green.si\/en\/wp-json\/wp\/v2\/media?parent=8274"}],"wp:term":[{"taxonomy":"product_cat","embeddable":true,"href":"https:\/\/go-green.si\/en\/wp-json\/wp\/v2\/product_cat?post=8274"},{"taxonomy":"product_tag","embeddable":true,"href":"https:\/\/go-green.si\/en\/wp-json\/wp\/v2\/product_tag?post=8274"}],"curies":[{"name":"wp","href":"https:\/\/api.w.org\/{rel}","templated":true}]}}