{"id":9387,"date":"2025-03-14T14:55:26","date_gmt":"2025-03-14T13:55:26","guid":{"rendered":"https:\/\/go-green.si\/?post_type=product&#038;p=9387"},"modified":"2025-03-18T09:09:49","modified_gmt":"2025-03-18T08:09:49","slug":"van-transfer-airport-joze-pucnik-ljubljana-portoroz-logistic-congress-2025-2","status":"publish","type":"product","link":"https:\/\/go-green.si\/en\/transfer\/van-transfer-airport-joze-pucnik-ljubljana-portoroz-logistic-congress-2025-2\/","title":{"rendered":"Van transfer airport Jo\u017ee Pu\u010dnik Ljubljana &#8211; Portoro\u017e Logistic Congress 2025"},"content":{"rendered":"<p>&nbsp;<\/p>\n<p><strong>Comprehensive meet and greet service for passengers<\/strong><\/p>\n<p>Airport transfers are provided by GoGreen\u2019s experienced, trained and well-dressed drivers who are well prepared for the journey. You can recognise them by their dark suits and bright green ties. Go Green airport transfers are a complete MEET &amp; GREET service! This includes a driver arriving at the airport on time and waiting for you with a sign with your name on it. It also includes the driver\u2019s monitoring of flights, schedules and any delays. If there are any, the driver will wait for you at the airport. The driver accompanies the passenger to the car and helps with luggage.<\/p>\n<p>A 24\/7 telephone number is available\u00a0<a href=\"tel:+38651303404\">+386 51 303 404<\/a>.<\/p>\n<p><img loading=\"lazy\" decoding=\"async\" class=\"size-full wp-image-9294 alignleft\" src=\"https:\/\/go-green.si\/wp-content\/uploads\/2025\/02\/LK25_logo_dvojezicen-colour.png\" alt=\"\" width=\"513\" height=\"181\" srcset=\"https:\/\/go-green.si\/wp-content\/uploads\/2025\/02\/LK25_logo_dvojezicen-colour.png 513w, https:\/\/go-green.si\/wp-content\/uploads\/2025\/02\/LK25_logo_dvojezicen-colour-142x50.png 142w\" sizes=\"(max-width: 513px) 100vw, 513px\" \/><\/p>\n<p>&nbsp;<\/p>\n<p>&nbsp;<\/p>\n","protected":false},"excerpt":{"rendered":"<p>You will be notified of the exact return time no later than 3 days before departure.<\/p>\n<p>Clients who have chosen the refundable rate are entitled to a full refund in the event of cancellation up to<strong>\u00a01 week before the scheduled transfer<\/strong>.<\/p>\n<p>CAR \/ One way \/ nonrefundable: 180,00\u20ac VAT included<br \/>\nCAR \/ One way \/ refundable: 210,00\u20ac VAT included<\/p>\n<p><strong>Please select your options below.<\/strong><\/p>\n<p><a href=\"https:\/\/go-green.si\/en\/transfer\/van-transfer-airport-joze-pucnik-ljubljana-portoroz-logistic-congress-2025-2\/\" class=\"more-link style1-button\">Read More<\/a><\/p>","protected":false},"featured_media":8941,"comment_status":"closed","ping_status":"closed","template":"","meta":[],"product_cat":[157],"product_tag":[],"yoast_head":"<!-- This site is optimized with the Yoast SEO plugin v22.0 - https:\/\/yoast.com\/wordpress\/plugins\/seo\/ -->\n<title>Van transfer airport Jo\u017ee Pu\u010dnik Ljubljana - Portoro\u017e Logistic Congress 2025 - Go green<\/title>\n<meta name=\"robots\" content=\"index, follow, max-snippet:-1, max-image-preview:large, max-video-preview:-1\" \/>\n<link rel=\"canonical\" href=\"https:\/\/go-green.si\/en\/transfer\/van-transfer-airport-joze-pucnik-ljubljana-portoroz-logistic-congress-2025-2\/\" \/>\n<meta property=\"og:locale\" content=\"en_US\" \/>\n<meta property=\"og:type\" content=\"article\" \/>\n<meta property=\"og:title\" content=\"Van transfer airport Jo\u017ee Pu\u010dnik Ljubljana - Portoro\u017e Logistic Congress 2025 - Go green\" \/>\n<meta property=\"og:description\" content=\"You will be notified of the exact return time no later than 3 days before departure.  Clients who have chosen the refundable rate are entitled to a full refund in the event of cancellation up to\u00a01 week before the scheduled transfer.  CAR \/ One way \/ nonrefundable: 180,00\u20ac VAT included CAR \/ One way \/ refundable: 210,00\u20ac VAT included  Please select your options below.\" \/>\n<meta property=\"og:url\" content=\"https:\/\/go-green.si\/en\/transfer\/van-transfer-airport-joze-pucnik-ljubljana-portoroz-logistic-congress-2025-2\/\" \/>\n<meta property=\"og:site_name\" content=\"Go green\" \/>\n<meta property=\"article:modified_time\" content=\"2025-03-18T08:09:49+00:00\" \/>\n<meta property=\"og:image\" content=\"https:\/\/go-green.si\/wp-content\/uploads\/2024\/09\/LRG_DSC00466.jpg\" \/>\n\t<meta property=\"og:image:width\" content=\"1381\" \/>\n\t<meta property=\"og:image:height\" content=\"924\" \/>\n\t<meta property=\"og:image:type\" content=\"image\/jpeg\" \/>\n<meta name=\"twitter:label1\" content=\"Est. reading time\" \/>\n\t<meta name=\"twitter:data1\" content=\"2 minutes\" \/>\n<script type=\"application\/ld+json\" class=\"yoast-schema-graph\">{\"@context\":\"https:\/\/schema.org\",\"@graph\":[{\"@type\":\"WebPage\",\"@id\":\"https:\/\/go-green.si\/en\/transfer\/van-transfer-airport-joze-pucnik-ljubljana-portoroz-logistic-congress-2025-2\/\",\"url\":\"https:\/\/go-green.si\/en\/transfer\/van-transfer-airport-joze-pucnik-ljubljana-portoroz-logistic-congress-2025-2\/\",\"name\":\"Van transfer airport Jo\u017ee Pu\u010dnik Ljubljana - Portoro\u017e Logistic Congress 2025 - Go green\",\"isPartOf\":{\"@id\":\"https:\/\/go-green.si\/en\/#website\"},\"datePublished\":\"2025-03-14T13:55:26+00:00\",\"dateModified\":\"2025-03-18T08:09:49+00:00\",\"breadcrumb\":{\"@id\":\"https:\/\/go-green.si\/en\/transfer\/van-transfer-airport-joze-pucnik-ljubljana-portoroz-logistic-congress-2025-2\/#breadcrumb\"},\"inLanguage\":\"en-US\",\"potentialAction\":[{\"@type\":\"ReadAction\",\"target\":[\"https:\/\/go-green.si\/en\/transfer\/van-transfer-airport-joze-pucnik-ljubljana-portoroz-logistic-congress-2025-2\/\"]}]},{\"@type\":\"BreadcrumbList\",\"@id\":\"https:\/\/go-green.si\/en\/transfer\/van-transfer-airport-joze-pucnik-ljubljana-portoroz-logistic-congress-2025-2\/#breadcrumb\",\"itemListElement\":[{\"@type\":\"ListItem\",\"position\":1,\"name\":\"Home\",\"item\":\"https:\/\/go-green.si\/en\/\"},{\"@type\":\"ListItem\",\"position\":2,\"name\":\"Shop\",\"item\":\"https:\/\/go-green.si\/en\/shop\/\"},{\"@type\":\"ListItem\",\"position\":3,\"name\":\"Van transfer airport Jo\u017ee Pu\u010dnik Ljubljana &#8211; Portoro\u017e Logistic Congress 2025\"}]},{\"@type\":\"WebSite\",\"@id\":\"https:\/\/go-green.si\/en\/#website\",\"url\":\"https:\/\/go-green.si\/en\/\",\"name\":\"go-green.si\",\"description\":\"Poslovni prevozi in marketing\",\"publisher\":{\"@id\":\"https:\/\/go-green.si\/en\/#organization\"},\"potentialAction\":[{\"@type\":\"SearchAction\",\"target\":{\"@type\":\"EntryPoint\",\"urlTemplate\":\"https:\/\/go-green.si\/en\/?s={search_term_string}\"},\"query-input\":\"required name=search_term_string\"}],\"inLanguage\":\"en-US\"},{\"@type\":\"Organization\",\"@id\":\"https:\/\/go-green.si\/en\/#organization\",\"name\":\"Go Green\",\"url\":\"https:\/\/go-green.si\/en\/\",\"logo\":{\"@type\":\"ImageObject\",\"inLanguage\":\"en-US\",\"@id\":\"https:\/\/go-green.si\/en\/#\/schema\/logo\/image\/\",\"url\":\"https:\/\/go-green.si\/wp-content\/uploads\/2020\/08\/logo_vertical_colour_dark.png\",\"contentUrl\":\"https:\/\/go-green.si\/wp-content\/uploads\/2020\/08\/logo_vertical_colour_dark.png\",\"width\":552,\"height\":584,\"caption\":\"Go Green\"},\"image\":{\"@id\":\"https:\/\/go-green.si\/en\/#\/schema\/logo\/image\/\"},\"sameAs\":[\"https:\/\/www.instagram.com\/gogreen.si\/\",\"https:\/\/www.linkedin.com\/company\/gogreensi\/\"]}]}<\/script>\n<!-- \/ Yoast SEO plugin. -->","yoast_head_json":{"title":"Van transfer airport Jo\u017ee Pu\u010dnik Ljubljana - Portoro\u017e Logistic Congress 2025 - Go green","robots":{"index":"index","follow":"follow","max-snippet":"max-snippet:-1","max-image-preview":"max-image-preview:large","max-video-preview":"max-video-preview:-1"},"canonical":"https:\/\/go-green.si\/en\/transfer\/van-transfer-airport-joze-pucnik-ljubljana-portoroz-logistic-congress-2025-2\/","og_locale":"en_US","og_type":"article","og_title":"Van transfer airport Jo\u017ee Pu\u010dnik Ljubljana - Portoro\u017e Logistic Congress 2025 - Go green","og_description":"You will be notified of the exact return time no later than 3 days before departure.  Clients who have chosen the refundable rate are entitled to a full refund in the event of cancellation up to\u00a01 week before the scheduled transfer.  CAR \/ One way \/ nonrefundable: 180,00\u20ac VAT included CAR \/ One way \/ refundable: 210,00\u20ac VAT included  Please select your options below.","og_url":"https:\/\/go-green.si\/en\/transfer\/van-transfer-airport-joze-pucnik-ljubljana-portoroz-logistic-congress-2025-2\/","og_site_name":"Go green","article_modified_time":"2025-03-18T08:09:49+00:00","og_image":[{"width":1381,"height":924,"url":"https:\/\/go-green.si\/wp-content\/uploads\/2024\/09\/LRG_DSC00466.jpg","type":"image\/jpeg"}],"twitter_misc":{"Est. reading time":"2 minutes"},"schema":{"@context":"https:\/\/schema.org","@graph":[{"@type":"WebPage","@id":"https:\/\/go-green.si\/en\/transfer\/van-transfer-airport-joze-pucnik-ljubljana-portoroz-logistic-congress-2025-2\/","url":"https:\/\/go-green.si\/en\/transfer\/van-transfer-airport-joze-pucnik-ljubljana-portoroz-logistic-congress-2025-2\/","name":"Van transfer airport Jo\u017ee Pu\u010dnik Ljubljana - Portoro\u017e Logistic Congress 2025 - Go green","isPartOf":{"@id":"https:\/\/go-green.si\/en\/#website"},"datePublished":"2025-03-14T13:55:26+00:00","dateModified":"2025-03-18T08:09:49+00:00","breadcrumb":{"@id":"https:\/\/go-green.si\/en\/transfer\/van-transfer-airport-joze-pucnik-ljubljana-portoroz-logistic-congress-2025-2\/#breadcrumb"},"inLanguage":"en-US","potentialAction":[{"@type":"ReadAction","target":["https:\/\/go-green.si\/en\/transfer\/van-transfer-airport-joze-pucnik-ljubljana-portoroz-logistic-congress-2025-2\/"]}]},{"@type":"BreadcrumbList","@id":"https:\/\/go-green.si\/en\/transfer\/van-transfer-airport-joze-pucnik-ljubljana-portoroz-logistic-congress-2025-2\/#breadcrumb","itemListElement":[{"@type":"ListItem","position":1,"name":"Home","item":"https:\/\/go-green.si\/en\/"},{"@type":"ListItem","position":2,"name":"Shop","item":"https:\/\/go-green.si\/en\/shop\/"},{"@type":"ListItem","position":3,"name":"Van transfer airport Jo\u017ee Pu\u010dnik Ljubljana &#8211; Portoro\u017e Logistic Congress 2025"}]},{"@type":"WebSite","@id":"https:\/\/go-green.si\/en\/#website","url":"https:\/\/go-green.si\/en\/","name":"go-green.si","description":"Poslovni prevozi in marketing","publisher":{"@id":"https:\/\/go-green.si\/en\/#organization"},"potentialAction":[{"@type":"SearchAction","target":{"@type":"EntryPoint","urlTemplate":"https:\/\/go-green.si\/en\/?s={search_term_string}"},"query-input":"required name=search_term_string"}],"inLanguage":"en-US"},{"@type":"Organization","@id":"https:\/\/go-green.si\/en\/#organization","name":"Go Green","url":"https:\/\/go-green.si\/en\/","logo":{"@type":"ImageObject","inLanguage":"en-US","@id":"https:\/\/go-green.si\/en\/#\/schema\/logo\/image\/","url":"https:\/\/go-green.si\/wp-content\/uploads\/2020\/08\/logo_vertical_colour_dark.png","contentUrl":"https:\/\/go-green.si\/wp-content\/uploads\/2020\/08\/logo_vertical_colour_dark.png","width":552,"height":584,"caption":"Go Green"},"image":{"@id":"https:\/\/go-green.si\/en\/#\/schema\/logo\/image\/"},"sameAs":["https:\/\/www.instagram.com\/gogreen.si\/","https:\/\/www.linkedin.com\/company\/gogreensi\/"]}]}},"_links":{"self":[{"href":"https:\/\/go-green.si\/en\/wp-json\/wp\/v2\/product\/9387"}],"collection":[{"href":"https:\/\/go-green.si\/en\/wp-json\/wp\/v2\/product"}],"about":[{"href":"https:\/\/go-green.si\/en\/wp-json\/wp\/v2\/types\/product"}],"replies":[{"embeddable":true,"href":"https:\/\/go-green.si\/en\/wp-json\/wp\/v2\/comments?post=9387"}],"wp:featuredmedia":[{"embeddable":true,"href":"https:\/\/go-green.si\/en\/wp-json\/wp\/v2\/media\/8941"}],"wp:attachment":[{"href":"https:\/\/go-green.si\/en\/wp-json\/wp\/v2\/media?parent=9387"}],"wp:term":[{"taxonomy":"product_cat","embeddable":true,"href":"https:\/\/go-green.si\/en\/wp-json\/wp\/v2\/product_cat?post=9387"},{"taxonomy":"product_tag","embeddable":true,"href":"https:\/\/go-green.si\/en\/wp-json\/wp\/v2\/product_tag?post=9387"}],"curies":[{"name":"wp","href":"https:\/\/api.w.org\/{rel}","templated":true}]}}